{"id":381,"date":"2025-08-26T12:03:22","date_gmt":"2025-08-26T10:03:22","guid":{"rendered":"https:\/\/rapa-g4ajg9g0cyhyd9dz.spaincentral-01.azurewebsites.net\/\/inicio\/o-noso-patrimonio\/patrimonio-etnografico\/"},"modified":"2025-10-24T13:11:33","modified_gmt":"2025-10-24T11:11:33","slug":"patrimonio-etnografico","status":"publish","type":"page","link":"https:\/\/www.rapadasbestas.gal\/?page_id=381","title":{"rendered":"Patrimonio Etnogr\u00e1fico"},"content":{"rendered":"\n<h2 class=\"wp-block-heading\">A Ruta dos Mu\u00ed\u00f1os (Mu\u00ed\u00f1os do Vesacarballo)<\/h2>\n\n<p>Un dos tesouros mellor gardados de Sabucedo \u00e9 o seu conxunto de mu\u00ed\u00f1os de auga, restaurados recentemente. A \u201cRuta dos Mu\u00ed\u00f1os\u201d \u00e9 un carreiro que segue o curso do r\u00edo e permite visitar estas construci\u00f3ns, que foron o motor econ\u00f3mico da comarca durante d\u00e9cadas. Cada mu\u00ed\u00f1o conta unha historia de traballo comunitario e aproveitamento sostible dos recursos. <\/p>\n\n<p>A ruta, acondicionada en 2009, componse de varias construci\u00f3ns tradicionais que datan desde o s\u00e9culo XVIII ata o XX, inclu\u00edndo pontes, canles e mu\u00ed\u00f1os. O percorrido destaca pola beleza dos seus elementos, e cada mu\u00ed\u00f1o conta unha historia de traballo comunitario e aproveitamento sostible dos recursos. Entre eles at\u00f3pase o &#8220;Serradoiro do Mestre&#8221;, que ademais de mu\u00ed\u00f1o fari\u00f1eiro, foi serradoiro, forno de pan e gali\u00f1eiro, o que lle valeu o alcume de &#8220;A F\u00e1brica&#8221; entre os veci\u00f1os.  <\/p>\n\n<h2 class=\"wp-block-heading\">Outras Pegadas da Historia<\/h2>\n\n<p>Ademais dos mu\u00ed\u00f1os, ao cami\u00f1ar por Sabucedo e os seus arredores p\u00f3dense atopar h\u00f3rreos, fontes e lavadoiros tradicionais que nos falan dunha forma de vida ligada \u00e1 terra e \u00e1 comunidade.<\/p>\n","protected":false},"excerpt":{"rendered":"<p>A Ruta dos Mu\u00ed\u00f1os (Mu\u00ed\u00f1os do Vesacarballo) Un dos tesouros mellor gardados de Sabucedo \u00e9 o seu conxunto de mu\u00ed\u00f1os de auga, restaurados recentemente. A \u201cRuta dos Mu\u00ed\u00f1os\u201d \u00e9 un carreiro que segue o curso do r\u00edo e permite visitar estas construci\u00f3ns, que foron o motor econ\u00f3mico da comarca durante d\u00e9cadas. Cada mu\u00ed\u00f1o conta unha [&hellip;]<\/p>\n","protected":false},"author":1,"featured_media":553,"parent":343,"menu_order":0,"comment_status":"closed","ping_status":"closed","template":"templates\/page.php","meta":{"_acf_changed":false,"footnotes":""},"class_list":["post-381","page","type-page","status-publish","has-post-thumbnail","hentry"],"acf":[],"_links":{"self":[{"href":"https:\/\/www.rapadasbestas.gal\/index.php?rest_route=\/wp\/v2\/pages\/381","targetHints":{"allow":["GET"]}}],"collection":[{"href":"https:\/\/www.rapadasbestas.gal\/index.php?rest_route=\/wp\/v2\/pages"}],"about":[{"href":"https:\/\/www.rapadasbestas.gal\/index.php?rest_route=\/wp\/v2\/types\/page"}],"author":[{"embeddable":true,"href":"https:\/\/www.rapadasbestas.gal\/index.php?rest_route=\/wp\/v2\/users\/1"}],"replies":[{"embeddable":true,"href":"https:\/\/www.rapadasbestas.gal\/index.php?rest_route=%2Fwp%2Fv2%2Fcomments&post=381"}],"version-history":[{"count":2,"href":"https:\/\/www.rapadasbestas.gal\/index.php?rest_route=\/wp\/v2\/pages\/381\/revisions"}],"predecessor-version":[{"id":754,"href":"https:\/\/www.rapadasbestas.gal\/index.php?rest_route=\/wp\/v2\/pages\/381\/revisions\/754"}],"up":[{"embeddable":true,"href":"https:\/\/www.rapadasbestas.gal\/index.php?rest_route=\/wp\/v2\/pages\/343"}],"wp:featuredmedia":[{"embeddable":true,"href":"https:\/\/www.rapadasbestas.gal\/index.php?rest_route=\/wp\/v2\/media\/553"}],"wp:attachment":[{"href":"https:\/\/www.rapadasbestas.gal\/index.php?rest_route=%2Fwp%2Fv2%2Fmedia&parent=381"}],"curies":[{"name":"wp","href":"https:\/\/api.w.org\/{rel}","templated":true}]}}