{"id":304,"date":"2025-08-26T11:24:18","date_gmt":"2025-08-26T09:24:18","guid":{"rendered":"https:\/\/rapa-g4ajg9g0cyhyd9dz.spaincentral-01.azurewebsites.net\/\/protagonistas-bestas-e-aloitadores\/"},"modified":"2025-10-10T15:01:19","modified_gmt":"2025-10-10T13:01:19","slug":"protagonistas-bestas-e-aloitadores","status":"publish","type":"page","link":"https:\/\/www.rapadasbestas.gal\/?page_id=304","title":{"rendered":"Protagonistas: Bestas e Aloitadores"},"content":{"rendered":"\n<h2 class=\"wp-block-heading\">As Bestas: Alma Salvaxe de Pura Raza Galega<\/h2>\n\n<p>O Cabalo Galego de Pura Raza (PRG), co\u00f1ecido tradicionalmente como &#8220;besta&#8221; en Sabucedo, \u00e9 un subtipo de cabalo pequeno que vive nas zonas monta\u00f1osas de Galicia. A pesar da s\u00faa vida en liberdade, ten un temperamento apacible, o que o fai ideal para equitaci\u00f3n terap\u00e9utica. <\/p>\n\n<p>Neste contexto, cabe destacar que \u00abbesta\u00bb \u00e9 o termo que se lle d\u00e1 \u00e1s eguas, que son o principal activo de Sabucedo, xa que en cada manada pode haber varias \u00abbestas\u00bb pero un s\u00f3 cabalo. Ao cabalo dominante de cada manada ch\u00e1mase \u00abgara\u00f1\u00f3n\u00bb. Segundo alg\u00fans zo\u00f3logos, esta raza \u00e9 en realidade o antecesor dos cabalos dom\u00e9sticos actuais e co\u00f1\u00e9cese como garrano en Portugal.  <\/p>\n\n<p>A orixe desta raza rem\u00f3ntase aos celtas, que introduciron un p\u00f4nei domesticado no norte peninsular. Co tempo, foise diferenciando en varias razas similares \u00e1s que se atopan na fachada atl\u00e1ntica europea, mantendo unha estreita relaci\u00f3n con razas como a xaca navarra e a pottoka.  Estes cabalos, que son incriblemente resistentes \u00e1s inclemencias do tempo, conforman un ecosistema moi sensible<\/p>\n\n<p>O Cabalo Galego de Pura Raza (PRG) \u00e9 unha raza de temperamento d\u00f3cil, valente e intelixente, cun perfil recto, un peso lixeiro (165-300 kg) e unha capa de cor marr\u00f3n ou negra. Fisicamente, pos\u00fae unha cabeza proporcionada con orellas pequenas e ollos grandes e expresivos. O seu tronco ten un pescozo con abundantes melenas, unha cruz prominente e unha li\u00f1a dorso-lumbar recta. As s\u00faas extremidades son delgadas, curtas e fortes, con cascos pequenos e duros de cor escura. As crinas e a cola son moi poboadas, e \u00e1s veces, presentan pelo no labio superior e no queixo.<\/p>\n\n<h2 class=\"wp-block-heading\">Os Aloitadores: A Tradici\u00f3n Persoa a Persoa<\/h2>\n\n<p>A figura do &#8220;aloitador&#8221; \u00e9 a esencia da Rapa. Son as persoas que, coa s\u00faa habilidade e valor, se enfrontan corpo a corpo \u00e1s bestas no curro.  O traballo do aloitador non se limita \u00e1 Rapa; durante todo o ano, os veci\u00f1os de Sabucedo enc\u00e1rganse do seu seguimento, controlando ataques de lobos e recollendo exemplares feridos.<\/p>\n\n<p>A t\u00e9cnica do \u00abaloitamento\u00bb bas\u00e9ase nun estrito c\u00f3digo de respecto e ma\u00f1a que se transmitiu de xeraci\u00f3n en xeraci\u00f3n. Consiste en inmobilizar o animal sen usar m\u00e1is ferramentas que o propio corpo, mediante a acci\u00f3n coordinada dun equipo de tres aloitadores. No curro, xamais se deixou de rapar a ning\u00fan cabalo por fero que fose.  <\/p>\n\n<p>Esta tradici\u00f3n demostrou a s\u00faa resiliencia ao longo do tempo. A Rapa das Bestas nunca deixou de realizarse; mesmo durante a Guerra Civil, cando os homes combat\u00edan na fronte, foron as mulleres da aldea as que se encargaron de continuala. Hoxe en d\u00eda, a crecente presenza de mulleres aloitadoras asegura que esta tradici\u00f3n sexa inclusiva e siga viva.  <\/p>\n","protected":false},"excerpt":{"rendered":"<p>As Bestas: Alma Salvaxe de Pura Raza Galega O Cabalo Galego de Pura Raza (PRG), co\u00f1ecido tradicionalmente como &#8220;besta&#8221; en Sabucedo, \u00e9 un subtipo de cabalo pequeno que vive nas zonas monta\u00f1osas de Galicia. A pesar da s\u00faa vida en liberdade, ten un temperamento apacible, o que o fai ideal para equitaci\u00f3n terap\u00e9utica. Neste contexto, [&hellip;]<\/p>\n","protected":false},"author":1,"featured_media":576,"parent":325,"menu_order":0,"comment_status":"closed","ping_status":"closed","template":"templates\/page.php","meta":{"_acf_changed":false,"footnotes":""},"class_list":["post-304","page","type-page","status-publish","has-post-thumbnail","hentry"],"acf":[],"_links":{"self":[{"href":"https:\/\/www.rapadasbestas.gal\/index.php?rest_route=\/wp\/v2\/pages\/304","targetHints":{"allow":["GET"]}}],"collection":[{"href":"https:\/\/www.rapadasbestas.gal\/index.php?rest_route=\/wp\/v2\/pages"}],"about":[{"href":"https:\/\/www.rapadasbestas.gal\/index.php?rest_route=\/wp\/v2\/types\/page"}],"author":[{"embeddable":true,"href":"https:\/\/www.rapadasbestas.gal\/index.php?rest_route=\/wp\/v2\/users\/1"}],"replies":[{"embeddable":true,"href":"https:\/\/www.rapadasbestas.gal\/index.php?rest_route=%2Fwp%2Fv2%2Fcomments&post=304"}],"version-history":[{"count":5,"href":"https:\/\/www.rapadasbestas.gal\/index.php?rest_route=\/wp\/v2\/pages\/304\/revisions"}],"predecessor-version":[{"id":746,"href":"https:\/\/www.rapadasbestas.gal\/index.php?rest_route=\/wp\/v2\/pages\/304\/revisions\/746"}],"up":[{"embeddable":true,"href":"https:\/\/www.rapadasbestas.gal\/index.php?rest_route=\/wp\/v2\/pages\/325"}],"wp:featuredmedia":[{"embeddable":true,"href":"https:\/\/www.rapadasbestas.gal\/index.php?rest_route=\/wp\/v2\/media\/576"}],"wp:attachment":[{"href":"https:\/\/www.rapadasbestas.gal\/index.php?rest_route=%2Fwp%2Fv2%2Fmedia&parent=304"}],"curies":[{"name":"wp","href":"https:\/\/api.w.org\/{rel}","templated":true}]}}